{"id":2,"date":"2010-12-12T12:09:38","date_gmt":"2010-12-12T11:09:38","guid":{"rendered":"http:\/\/www.loscrigno.it\/beautycase\/?page_id=2"},"modified":"2018-05-24T22:46:11","modified_gmt":"2018-05-24T20:46:11","slug":"about","status":"publish","type":"page","link":"https:\/\/www.loscrigno.it\/beautycase\/index.php\/about\/","title":{"rendered":"F.a.q."},"content":{"rendered":"<div class=\"wpb-content-wrapper\">[vc_row][vc_column]<img loading=\"lazy\" decoding=\"async\" width=\"4115\" height=\"450\" src=\"data:image\/gif;base64,R0lGODlhAQABAAAAACH5BAEKAAEALAAAAAABAAEAAAICTAEAOw==\" class=\"thb_image  left full  attachment-full thb-lazyload lazyload\" alt=\"\" title=\"BCBContact\" sizes=\"auto, (max-width: 4115px) 100vw, 4115px\" data-src=\"https:\/\/www.loscrigno.it\/beautycase\/wp-content\/uploads\/2015\/05\/BCBContact.jpg\" data-sizes=\"auto\" data-srcset=\"https:\/\/www.loscrigno.it\/beautycase\/wp-content\/uploads\/2015\/05\/BCBContact.jpg 4115w, https:\/\/www.loscrigno.it\/beautycase\/wp-content\/uploads\/2015\/05\/BCBContact-232x25.jpg 232w, https:\/\/www.loscrigno.it\/beautycase\/wp-content\/uploads\/2015\/05\/BCBContact-600x66.jpg 600w, https:\/\/www.loscrigno.it\/beautycase\/wp-content\/uploads\/2015\/05\/BCBContact-768x84.jpg 768w, https:\/\/www.loscrigno.it\/beautycase\/wp-content\/uploads\/2015\/05\/BCBContact-1024x112.jpg 1024w\" \/>[\/vc_column][\/vc_row][vc_row][vc_column width=&#8221;3\/4&#8243;]<aside class=\"gap cf\" style=\"height:60px;\"><\/aside>[vc_column_text]\n<h4><em><strong>Domande Frequenti<\/strong><\/em><\/h4>\n<p>&nbsp;<\/p>\n<h5><strong>Cos&#8217;\u00e8 Beauty Case?<\/strong><\/h5>\n<p>Beauty case \u00e8 un blog dedicato al make up e alla bellezza: qui troverai review di prodotti per il trucco e per la cura del corpo, suggerimenti, esperienze e \u00a0(dis)avventure\u00a0a tema beauty.<\/p>\n<h5><strong>Perch\u00e9 il tuo blog si chiama proprio Beauty Case?<\/strong><\/h5>\n<p>Banalmente, perch\u00e9 il sito internet che possiedo da quasi un decennio\u00a0ha nome\u00a0&#8220;lo scrigno&#8221;. Scrigno\u00a0inteso come la scatola misteriosa che contiene le passioni, le idee e i mille pensieri che nel corso del tempo ho voluto mettere in rete, quasi\u00a0fosse\u00a0una specie di moderna bottiglia affidata al mare digitale.<br \/>\nNel make up lo scrigno per eccellenza \u00e8 senz&#8217;altro il beauty case, quel cofanetto magico che da bambina guardavo con curiosit\u00e0 e tentazione e che oggi possiedo anch&#8217;io.<\/p>\n<h5><strong><span style=\"color: #ef2673;\"><em>Qualcuno ti paga<\/em><\/span> per fare delle review o per\u00a0scrivere questo blog?<\/strong><\/h5>\n<p>No, non sono pagata da nessuno e non sono stata istigata alla realizzazione di questo blog da nessuna promessa economica: scrivo qui spinta soltanto dal desiderio di condividere le mie impressioni.<\/p>\n<h5><strong>Perch\u00e9 dovrebbe interessarmi la tua opinione?<\/strong><\/h5>\n<p>Perch\u00e9 le recensioni che scrivo sono il frutto della mia concreta e reale\u00a0esperienza, sono il punto di vista di una persona normale che ha provato molti prodotti ed \u00e8 in gradi di fare un paragone evidenziando pregi e difetti. Sono una consumatrice attenta ed informata che ama sperimentare e cerca sempre\u00a0di scovare prodotti nuovi e di qualit\u00e0. Non possiedo la verit\u00e0 assoluta ma solo opinioni personali, che amo condividere\u00a0e spero possano essere utili.<\/p>\n<h5><strong>Hai seguito qualche <span style=\"color: #ef2673;\"><em>corso di make-up<\/em><\/span>? Sei una make-up artist?<\/strong><\/h5>\n<p>Ho seguito il corso base della Pro*Lab Makeup Academy di Milano, imparando moltissimo! Potrei lavorare come make-up artist, ma al momento ho scelto di non renderlo un lavoro.<\/p>\n<h5><strong>Come posso restare aggiornata sui nuovi articoli del blog?<\/strong><\/h5>\n<p>Possiamo tenerci in contatto tramite <a href=\"http:\/\/www.facebook.com\/beautycaseblog\">Facebook<\/a>, <a href=\"http:\/\/www.twitter.com\/beautycaseblog\">Twitter<\/a>, <a href=\"http:\/\/www.instagram.com\/beautycaseblog\">Instagram<\/a> e <a href=\"http:\/\/www.youtube.com\/user\/attricepercaso\">Youtube<\/a>. Non mancare: ti aspetto!<\/p>\n<h5><strong>Come posso <em>contattarti<\/em>?<\/strong><\/h5>\n<p>Se vuoi chiedermi ulteriori dettagli su un prodotto che ho recensito puoi farlo scrivendo un commento sotto il relativo articolo, in questo modo\u00a0la review\u00a0si arricchir\u00e0 di altre informazioni.<br \/>\nPer commenti o qualunque altra ragione puoi invece utilizzare questo indirizzo di posta elettronica: <a href=\"mailto:beautycaseblog@gmail.com\">beautycaseblog@gmail.com<\/a>.<\/p>\n<h5><strong>Chi sei?<\/strong><\/h5>\n<p>A questa risposta\u00a0ho dedicato addirittura <a href=\"https:\/\/www.loscrigno.it\/beautycase\/index.php\/ma-tu-chi-sei\/\">una pagina apposita<\/a>. \u00a0:)[\/vc_column_text]<aside class=\"gap cf\" style=\"height:60px;\"><\/aside>[\/vc_column][vc_column width=&#8221;1\/4&#8243;]<aside class=\"gap cf\" style=\"height:60px;\"><\/aside>\t<div class=\"category_container style2\">\n\t\t<div class=\"inner\">\n\t\t\t[vc_column_text]\n<h4 style=\"text-align: center;\">Sono\u00a0anche qui<\/h4>\n<p style=\"text-align: center;\">Iscriviti ai canali social di Beauty Case:<\/p>\n<p style=\"text-align: center;\"><a href=\"http:\/\/www.facebook.com\/beautycaseblog\" class=\"boxed-icon fill facebook icon-4x\"><i class=\"fa fa-facebook\"><\/i><\/a>\u00a0<a href=\"http:\/\/www.twitter.com\/beautycaseblog\" class=\"boxed-icon fill twitter icon-4x\"><i class=\"fa fa-twitter\"><\/i><\/a>\n<p style=\"text-align: center;\"><a href=\"http:\/\/www.instagram.com\/beautycaseblog\" class=\"boxed-icon fill instagram icon-4x\"><i class=\"fa fa-instagram\"><\/i><\/a> <a href=\"http:\/\/www.youtube.com\/user\/attricepercaso\" class=\"boxed-icon fill youtube icon-4x\"><i class=\"fa fa-youtube\"><\/i><\/a>\n[\/vc_column_text]\t\t<\/div>\n\t<\/div>\n\n\t[\/vc_column][\/vc_row]\n<\/div>","protected":false},"excerpt":{"rendered":"<p>[vc_row][vc_column][\/vc_column][\/vc_row][vc_row][vc_column width=&#8221;3\/4&#8243;][vc_column_text] Domande Frequenti &nbsp; Cos&#8217;\u00e8 Beauty Case? Beauty case \u00e8 un blog dedicato al make up e alla bellezza: qui troverai review di prodotti per il trucco e per la cura del corpo, suggerimenti, esperienze e \u00a0(dis)avventure\u00a0a tema beauty. Perch\u00e9 il tuo blog si chiama proprio Beauty Case? Banalmente, perch\u00e9 il sito internet che&hellip;<\/p>\n","protected":false},"author":1,"featured_media":0,"parent":0,"menu_order":2,"comment_status":"open","ping_status":"closed","template":"","meta":{"footnotes":""},"class_list":["post-2","page","type-page","status-publish","hentry"],"featured_image_src":null,"yoast_head":"<!-- This site is optimized with the Yoast SEO plugin v27.4 - https:\/\/yoast.com\/product\/yoast-seo-wordpress\/ -->\r\n<title>F.a.q. - Beauty Case Blog - Beauty blog italiano su make-up e bellezza<\/title>\r\n<meta name=\"robots\" content=\"index, follow, max-snippet:-1, max-image-preview:large, max-video-preview:-1\" \/>\r\n<link rel=\"canonical\" href=\"https:\/\/www.loscrigno.it\/beautycase\/index.php\/about\/\" \/>\r\n<meta name=\"twitter:card\" content=\"summary_large_image\" \/>\r\n<meta name=\"twitter:title\" content=\"F.a.q. - Beauty Case Blog - Beauty blog italiano su make-up e bellezza\" \/>\r\n<meta name=\"twitter:description\" content=\"[vc_row][vc_column][\/vc_column][\/vc_row][vc_row][vc_column width=&#8221;3\/4&#8243;][vc_column_text] Domande Frequenti &nbsp; Cos&#8217;\u00e8 Beauty Case? Beauty case \u00e8 un blog dedicato al make up e alla bellezza: qui troverai review di prodotti per il trucco e per la cura del corpo, suggerimenti, esperienze e \u00a0(dis)avventure\u00a0a tema beauty. Perch\u00e9 il tuo blog si chiama proprio Beauty Case? Banalmente, perch\u00e9 il sito internet che&hellip;\" \/>\r\n<meta name=\"twitter:label1\" content=\"Tempo di lettura stimato\" \/>\n\t<meta name=\"twitter:data1\" content=\"2 minuti\" \/>\r\n<script type=\"application\/ld+json\" class=\"yoast-schema-graph\">{\"@context\":\"https:\\\/\\\/schema.org\",\"@graph\":[{\"@type\":\"WebPage\",\"@id\":\"https:\\\/\\\/www.loscrigno.it\\\/beautycase\\\/index.php\\\/about\\\/\",\"url\":\"https:\\\/\\\/www.loscrigno.it\\\/beautycase\\\/index.php\\\/about\\\/\",\"name\":\"F.a.q. - Beauty Case Blog - Beauty blog italiano su make-up e bellezza\",\"isPartOf\":{\"@id\":\"https:\\\/\\\/www.loscrigno.it\\\/beautycase\\\/#website\"},\"datePublished\":\"2010-12-12T11:09:38+00:00\",\"dateModified\":\"2018-05-24T20:46:11+00:00\",\"breadcrumb\":{\"@id\":\"https:\\\/\\\/www.loscrigno.it\\\/beautycase\\\/index.php\\\/about\\\/#breadcrumb\"},\"inLanguage\":\"it-IT\",\"potentialAction\":[{\"@type\":\"ReadAction\",\"target\":[\"https:\\\/\\\/www.loscrigno.it\\\/beautycase\\\/index.php\\\/about\\\/\"]}]},{\"@type\":\"BreadcrumbList\",\"@id\":\"https:\\\/\\\/www.loscrigno.it\\\/beautycase\\\/index.php\\\/about\\\/#breadcrumb\",\"itemListElement\":[{\"@type\":\"ListItem\",\"position\":1,\"name\":\"Home\",\"item\":\"https:\\\/\\\/www.loscrigno.it\\\/beautycase\\\/\"},{\"@type\":\"ListItem\",\"position\":2,\"name\":\"F.a.q.\"}]},{\"@type\":\"WebSite\",\"@id\":\"https:\\\/\\\/www.loscrigno.it\\\/beautycase\\\/#website\",\"url\":\"https:\\\/\\\/www.loscrigno.it\\\/beautycase\\\/\",\"name\":\"Beauty Case Blog - Beauty blog italiano su make-up e bellezza\",\"description\":\"Beauty Case Blog \u00e8 uno dei pi\u00f9 importanti beauty blog italiani. Leggi ora tutte le novit\u00e0 del mondo beauty e scopri i miei consigli su make-up e bellezza.\",\"potentialAction\":[{\"@type\":\"SearchAction\",\"target\":{\"@type\":\"EntryPoint\",\"urlTemplate\":\"https:\\\/\\\/www.loscrigno.it\\\/beautycase\\\/?s={search_term_string}\"},\"query-input\":{\"@type\":\"PropertyValueSpecification\",\"valueRequired\":true,\"valueName\":\"search_term_string\"}}],\"inLanguage\":\"it-IT\"}]}<\/script>\r\n<!-- \/ Yoast SEO plugin. -->","yoast_head_json":{"title":"F.a.q. - Beauty Case Blog - Beauty blog italiano su make-up e bellezza","robots":{"index":"index","follow":"follow","max-snippet":"max-snippet:-1","max-image-preview":"max-image-preview:large","max-video-preview":"max-video-preview:-1"},"canonical":"https:\/\/www.loscrigno.it\/beautycase\/index.php\/about\/","twitter_card":"summary_large_image","twitter_title":"F.a.q. - Beauty Case Blog - Beauty blog italiano su make-up e bellezza","twitter_description":"[vc_row][vc_column][\/vc_column][\/vc_row][vc_row][vc_column width=&#8221;3\/4&#8243;][vc_column_text] Domande Frequenti &nbsp; Cos&#8217;\u00e8 Beauty Case? Beauty case \u00e8 un blog dedicato al make up e alla bellezza: qui troverai review di prodotti per il trucco e per la cura del corpo, suggerimenti, esperienze e \u00a0(dis)avventure\u00a0a tema beauty. Perch\u00e9 il tuo blog si chiama proprio Beauty Case? Banalmente, perch\u00e9 il sito internet che&hellip;","twitter_misc":{"Tempo di lettura stimato":"2 minuti"},"schema":{"@context":"https:\/\/schema.org","@graph":[{"@type":"WebPage","@id":"https:\/\/www.loscrigno.it\/beautycase\/index.php\/about\/","url":"https:\/\/www.loscrigno.it\/beautycase\/index.php\/about\/","name":"F.a.q. - Beauty Case Blog - Beauty blog italiano su make-up e bellezza","isPartOf":{"@id":"https:\/\/www.loscrigno.it\/beautycase\/#website"},"datePublished":"2010-12-12T11:09:38+00:00","dateModified":"2018-05-24T20:46:11+00:00","breadcrumb":{"@id":"https:\/\/www.loscrigno.it\/beautycase\/index.php\/about\/#breadcrumb"},"inLanguage":"it-IT","potentialAction":[{"@type":"ReadAction","target":["https:\/\/www.loscrigno.it\/beautycase\/index.php\/about\/"]}]},{"@type":"BreadcrumbList","@id":"https:\/\/www.loscrigno.it\/beautycase\/index.php\/about\/#breadcrumb","itemListElement":[{"@type":"ListItem","position":1,"name":"Home","item":"https:\/\/www.loscrigno.it\/beautycase\/"},{"@type":"ListItem","position":2,"name":"F.a.q."}]},{"@type":"WebSite","@id":"https:\/\/www.loscrigno.it\/beautycase\/#website","url":"https:\/\/www.loscrigno.it\/beautycase\/","name":"Beauty Case Blog - Beauty blog italiano su make-up e bellezza","description":"Beauty Case Blog \u00e8 uno dei pi\u00f9 importanti beauty blog italiani. Leggi ora tutte le novit\u00e0 del mondo beauty e scopri i miei consigli su make-up e bellezza.","potentialAction":[{"@type":"SearchAction","target":{"@type":"EntryPoint","urlTemplate":"https:\/\/www.loscrigno.it\/beautycase\/?s={search_term_string}"},"query-input":{"@type":"PropertyValueSpecification","valueRequired":true,"valueName":"search_term_string"}}],"inLanguage":"it-IT"}]}},"_links":{"self":[{"href":"https:\/\/www.loscrigno.it\/beautycase\/index.php\/wp-json\/wp\/v2\/pages\/2","targetHints":{"allow":["GET"]}}],"collection":[{"href":"https:\/\/www.loscrigno.it\/beautycase\/index.php\/wp-json\/wp\/v2\/pages"}],"about":[{"href":"https:\/\/www.loscrigno.it\/beautycase\/index.php\/wp-json\/wp\/v2\/types\/page"}],"author":[{"embeddable":true,"href":"https:\/\/www.loscrigno.it\/beautycase\/index.php\/wp-json\/wp\/v2\/users\/1"}],"replies":[{"embeddable":true,"href":"https:\/\/www.loscrigno.it\/beautycase\/index.php\/wp-json\/wp\/v2\/comments?post=2"}],"version-history":[{"count":24,"href":"https:\/\/www.loscrigno.it\/beautycase\/index.php\/wp-json\/wp\/v2\/pages\/2\/revisions"}],"predecessor-version":[{"id":18672,"href":"https:\/\/www.loscrigno.it\/beautycase\/index.php\/wp-json\/wp\/v2\/pages\/2\/revisions\/18672"}],"wp:attachment":[{"href":"https:\/\/www.loscrigno.it\/beautycase\/index.php\/wp-json\/wp\/v2\/media?parent=2"}],"curies":[{"name":"wp","href":"https:\/\/api.w.org\/{rel}","templated":true}]}}