{"id":323,"date":"2010-12-23T23:46:35","date_gmt":"2010-12-23T22:46:35","guid":{"rendered":"http:\/\/www.loscrigno.it\/beautycase\/?page_id=323"},"modified":"2022-10-02T14:53:13","modified_gmt":"2022-10-02T12:53:13","slug":"ma-tu-chi-sei","status":"publish","type":"page","link":"https:\/\/www.loscrigno.it\/beautycase\/index.php\/ma-tu-chi-sei\/","title":{"rendered":"About"},"content":{"rendered":"<div class=\"wpb-content-wrapper\">[vc_row column_padding=&#8221;false&#8221; full_width_row=&#8221;true&#8221; vertical_center=&#8221;&#8221; enable_parallax=&#8221;&#8221; parallax_speed=&#8221;0.5&#8243; mouse_scroll=&#8221;&#8221;][vc_column]<img loading=\"lazy\" decoding=\"async\" width=\"4115\" height=\"450\" src=\"data:image\/gif;base64,R0lGODlhAQABAAAAACH5BAEKAAEALAAAAAABAAEAAAICTAEAOw==\" class=\"thb_image  left full  attachment-full thb-lazyload lazyload\" alt=\"\" title=\"BCBContact\" sizes=\"auto, (max-width: 4115px) 100vw, 4115px\" data-src=\"https:\/\/www.loscrigno.it\/beautycase\/wp-content\/uploads\/2015\/05\/BCBContact.jpg\" data-sizes=\"auto\" data-srcset=\"https:\/\/www.loscrigno.it\/beautycase\/wp-content\/uploads\/2015\/05\/BCBContact.jpg 4115w, https:\/\/www.loscrigno.it\/beautycase\/wp-content\/uploads\/2015\/05\/BCBContact-232x25.jpg 232w, https:\/\/www.loscrigno.it\/beautycase\/wp-content\/uploads\/2015\/05\/BCBContact-600x66.jpg 600w, https:\/\/www.loscrigno.it\/beautycase\/wp-content\/uploads\/2015\/05\/BCBContact-768x84.jpg 768w, https:\/\/www.loscrigno.it\/beautycase\/wp-content\/uploads\/2015\/05\/BCBContact-1024x112.jpg 1024w\" \/>[\/vc_column][\/vc_row][vc_row][vc_column width=&#8221;2\/3&#8243; css=&#8221;.vc_custom_1457353707758{margin-top: -80px !important;background-color: #ffffff !important;}&#8221;]<aside class=\"gap cf\" style=\"height:70px;\"><\/aside>[vc_column_text]\n<h1 style=\"text-align: center;\">About<em> me<\/em><\/h1>\n<p>&nbsp;<\/p>\n<p>Ciao a tutte,<\/p>\n<p>Mi chiamo <em><strong>Marica<\/strong><\/em>, ho 40 anni, sono italiana e dopo aver vissuto<strong><em>\u00a0in Inghilterra<\/em><\/strong> e <em><strong>Germania<\/strong><\/em> mi sono recentemente trasferita in Slovacchia con quello che l&#8217;8 luglio del 2023 diventer\u00e0 mio marito.<\/p>\n<p>Nel <strong>2010<\/strong> ho deciso di aprire <strong>Beauty Case Blog<\/strong> spinta dal desiderio di condividere con altre ragazze la mia passione per il mondo dei cosmetici, coniugandola a quella per la scrittura.<\/p>\n<p>Sono stata una delle penne del sito di <strong><em>Alice Venturi<\/em> <\/strong>(AlicelikeAudrey.) e <em><strong>Contributor<\/strong><\/em> per <strong><em><a href=\"http:\/\/www.glamour.it\/beauty-reporter\/mmario\/\">Glamour.it<\/a>, <\/em><\/strong>ho lavorato come editor e ho appena finito di scrivere il mio primo romanzo come autrice.<\/p>\n<p>Ho una passione smodata per mascara e rossetti, credo che la skin care sia un vero e proprio culto da abbracciare fin da giovanissime e vorrei avere un armadio enorme per poter collezionare un numero imbarazzante di borse.<\/p>\n<p>Amo l&#8217;arte e la letteratura e sono felice ogni volta che posso preparare la valigia e scoprire nuove culture e nuove tradizioni.\u00a0Bevo il the con il latte (da vera inglese!) ma tra vintage e moderno sceglierei il super-contemporaneo (un po&#8217; meno inglese).<\/p>\n<p>Spero che su Beauty Case Blog tu possa sentirti a casa: accomodati, sei la benvenuta!<\/p>\n<p>Un abbraccio,<br \/>\nMarica[\/vc_column_text]<aside class=\"gap cf\" style=\"height:20px;\"><\/aside><aside class=\"gap cf\" style=\"height:50px;\"><\/aside>[\/vc_column][vc_column width=&#8221;1\/3&#8243;]<aside class=\"gap cf\" style=\"height:30px;\"><\/aside><img loading=\"lazy\" decoding=\"async\" width=\"225\" height=\"225\" src=\"data:image\/gif;base64,R0lGODlhAQABAAAAACH5BAEKAAEALAAAAAABAAEAAAICTAEAOw==\" class=\"thb_image  center   attachment-full thb-lazyload lazyload\" alt=\"\" title=\"Marica4\" data-src=\"https:\/\/www.loscrigno.it\/beautycase\/wp-content\/uploads\/2015\/12\/Marica4.jpg\" data-sizes=\"auto\" \/><aside class=\"gap cf\" style=\"height:30px;\"><\/aside>\t<div class=\"category_container style1\">\n\t\t<div class=\"inner\">\n\t\t\t[vc_column_text]\n<h4><strong>Get In Touch<\/strong><\/h4>\n<p>Se vuoi metterti in contatto con me, puoi scrivermi qui:<\/p>\n<p style=\"text-align: center;\"><span class=\"inline-icon icon-3x no-link\"><i class=\"fa Envelope icon-3x\"><\/i><\/span> <strong>beautycaseblog@gmail.com<\/strong><\/p>\n<p style=\"text-align: left;\">In alternativa puoi trovare me e <em><strong>tante cose belle<\/strong><\/em> su <a href=\"http:\/\/www.instagram.com\/beautycaseblog\">Twitter<\/a>,\u00a0<a href=\"http:\/\/www.instagram.com\/beautycaseblog\">Instagram<\/a>\u00a0e <a href=\"http:\/\/www.youtube.com\/user\/attricepercaso\">Youtube<\/a>. <em>Ti aspetto!<\/em><\/p>\n[\/vc_column_text]\t\t<\/div>\n\t<\/div>\n\n\t[\/vc_column][\/vc_row]\n<\/div>","protected":false},"excerpt":{"rendered":"<p>[vc_row column_padding=&#8221;false&#8221; full_width_row=&#8221;true&#8221; vertical_center=&#8221;&#8221; enable_parallax=&#8221;&#8221; parallax_speed=&#8221;0.5&#8243; mouse_scroll=&#8221;&#8221;][vc_column][\/vc_column][\/vc_row][vc_row][vc_column width=&#8221;2\/3&#8243; css=&#8221;.vc_custom_1457353707758{margin-top: -80px !important;background-color: #ffffff !important;}&#8221;][vc_column_text] About me &nbsp; Ciao a tutte, Mi chiamo Marica, ho 40 anni, sono italiana e dopo aver vissuto\u00a0in Inghilterra e Germania mi sono recentemente trasferita in Slovacchia con quello che l&#8217;8 luglio del 2023 diventer\u00e0 mio marito. Nel 2010 ho deciso di&hellip;<\/p>\n","protected":false},"author":1,"featured_media":0,"parent":0,"menu_order":3,"comment_status":"open","ping_status":"closed","template":"","meta":{"footnotes":""},"class_list":["post-323","page","type-page","status-publish","hentry"],"featured_image_src":null,"yoast_head":"<!-- This site is optimized with the Yoast SEO plugin v27.5 - https:\/\/yoast.com\/product\/yoast-seo-wordpress\/ -->\r\n<title>About - Beauty Case Blog - Beauty blog italiano su make-up e bellezza<\/title>\r\n<meta name=\"robots\" content=\"index, follow, max-snippet:-1, max-image-preview:large, max-video-preview:-1\" \/>\r\n<link rel=\"canonical\" href=\"https:\/\/www.loscrigno.it\/beautycase\/index.php\/ma-tu-chi-sei\/\" \/>\r\n<meta name=\"twitter:card\" content=\"summary_large_image\" \/>\r\n<meta name=\"twitter:title\" content=\"About - Beauty Case Blog - Beauty blog italiano su make-up e bellezza\" \/>\r\n<meta name=\"twitter:description\" content=\"[vc_row column_padding=&#8221;false&#8221; full_width_row=&#8221;true&#8221; vertical_center=&#8221;&#8221; enable_parallax=&#8221;&#8221; parallax_speed=&#8221;0.5&#8243; mouse_scroll=&#8221;&#8221;][vc_column][\/vc_column][\/vc_row][vc_row][vc_column width=&#8221;2\/3&#8243; css=&#8221;.vc_custom_1457353707758{margin-top: -80px !important;background-color: #ffffff !important;}&#8221;][vc_column_text] About me &nbsp; Ciao a tutte, Mi chiamo Marica, ho 40 anni, sono italiana e dopo aver vissuto\u00a0in Inghilterra e Germania mi sono recentemente trasferita in Slovacchia con quello che l&#8217;8 luglio del 2023 diventer\u00e0 mio marito. Nel 2010 ho deciso di&hellip;\" \/>\r\n<meta name=\"twitter:label1\" content=\"Tempo di lettura stimato\" \/>\n\t<meta name=\"twitter:data1\" content=\"2 minuti\" \/>\r\n<script type=\"application\/ld+json\" class=\"yoast-schema-graph\">{\"@context\":\"https:\\\/\\\/schema.org\",\"@graph\":[{\"@type\":\"WebPage\",\"@id\":\"https:\\\/\\\/www.loscrigno.it\\\/beautycase\\\/index.php\\\/ma-tu-chi-sei\\\/\",\"url\":\"https:\\\/\\\/www.loscrigno.it\\\/beautycase\\\/index.php\\\/ma-tu-chi-sei\\\/\",\"name\":\"About - Beauty Case Blog - Beauty blog italiano su make-up e bellezza\",\"isPartOf\":{\"@id\":\"https:\\\/\\\/www.loscrigno.it\\\/beautycase\\\/#website\"},\"datePublished\":\"2010-12-23T22:46:35+00:00\",\"dateModified\":\"2022-10-02T12:53:13+00:00\",\"breadcrumb\":{\"@id\":\"https:\\\/\\\/www.loscrigno.it\\\/beautycase\\\/index.php\\\/ma-tu-chi-sei\\\/#breadcrumb\"},\"inLanguage\":\"it-IT\",\"potentialAction\":[{\"@type\":\"ReadAction\",\"target\":[\"https:\\\/\\\/www.loscrigno.it\\\/beautycase\\\/index.php\\\/ma-tu-chi-sei\\\/\"]}]},{\"@type\":\"BreadcrumbList\",\"@id\":\"https:\\\/\\\/www.loscrigno.it\\\/beautycase\\\/index.php\\\/ma-tu-chi-sei\\\/#breadcrumb\",\"itemListElement\":[{\"@type\":\"ListItem\",\"position\":1,\"name\":\"Home\",\"item\":\"https:\\\/\\\/www.loscrigno.it\\\/beautycase\\\/\"},{\"@type\":\"ListItem\",\"position\":2,\"name\":\"About\"}]},{\"@type\":\"WebSite\",\"@id\":\"https:\\\/\\\/www.loscrigno.it\\\/beautycase\\\/#website\",\"url\":\"https:\\\/\\\/www.loscrigno.it\\\/beautycase\\\/\",\"name\":\"Beauty Case Blog - Beauty blog italiano su make-up e bellezza\",\"description\":\"Beauty Case Blog \u00e8 uno dei pi\u00f9 importanti beauty blog italiani. Leggi ora tutte le novit\u00e0 del mondo beauty e scopri i miei consigli su make-up e bellezza.\",\"potentialAction\":[{\"@type\":\"SearchAction\",\"target\":{\"@type\":\"EntryPoint\",\"urlTemplate\":\"https:\\\/\\\/www.loscrigno.it\\\/beautycase\\\/?s={search_term_string}\"},\"query-input\":{\"@type\":\"PropertyValueSpecification\",\"valueRequired\":true,\"valueName\":\"search_term_string\"}}],\"inLanguage\":\"it-IT\"}]}<\/script>\r\n<!-- \/ Yoast SEO plugin. -->","yoast_head_json":{"title":"About - Beauty Case Blog - Beauty blog italiano su make-up e bellezza","robots":{"index":"index","follow":"follow","max-snippet":"max-snippet:-1","max-image-preview":"max-image-preview:large","max-video-preview":"max-video-preview:-1"},"canonical":"https:\/\/www.loscrigno.it\/beautycase\/index.php\/ma-tu-chi-sei\/","twitter_card":"summary_large_image","twitter_title":"About - Beauty Case Blog - Beauty blog italiano su make-up e bellezza","twitter_description":"[vc_row column_padding=&#8221;false&#8221; full_width_row=&#8221;true&#8221; vertical_center=&#8221;&#8221; enable_parallax=&#8221;&#8221; parallax_speed=&#8221;0.5&#8243; mouse_scroll=&#8221;&#8221;][vc_column][\/vc_column][\/vc_row][vc_row][vc_column width=&#8221;2\/3&#8243; css=&#8221;.vc_custom_1457353707758{margin-top: -80px !important;background-color: #ffffff !important;}&#8221;][vc_column_text] About me &nbsp; Ciao a tutte, Mi chiamo Marica, ho 40 anni, sono italiana e dopo aver vissuto\u00a0in Inghilterra e Germania mi sono recentemente trasferita in Slovacchia con quello che l&#8217;8 luglio del 2023 diventer\u00e0 mio marito. Nel 2010 ho deciso di&hellip;","twitter_misc":{"Tempo di lettura stimato":"2 minuti"},"schema":{"@context":"https:\/\/schema.org","@graph":[{"@type":"WebPage","@id":"https:\/\/www.loscrigno.it\/beautycase\/index.php\/ma-tu-chi-sei\/","url":"https:\/\/www.loscrigno.it\/beautycase\/index.php\/ma-tu-chi-sei\/","name":"About - Beauty Case Blog - Beauty blog italiano su make-up e bellezza","isPartOf":{"@id":"https:\/\/www.loscrigno.it\/beautycase\/#website"},"datePublished":"2010-12-23T22:46:35+00:00","dateModified":"2022-10-02T12:53:13+00:00","breadcrumb":{"@id":"https:\/\/www.loscrigno.it\/beautycase\/index.php\/ma-tu-chi-sei\/#breadcrumb"},"inLanguage":"it-IT","potentialAction":[{"@type":"ReadAction","target":["https:\/\/www.loscrigno.it\/beautycase\/index.php\/ma-tu-chi-sei\/"]}]},{"@type":"BreadcrumbList","@id":"https:\/\/www.loscrigno.it\/beautycase\/index.php\/ma-tu-chi-sei\/#breadcrumb","itemListElement":[{"@type":"ListItem","position":1,"name":"Home","item":"https:\/\/www.loscrigno.it\/beautycase\/"},{"@type":"ListItem","position":2,"name":"About"}]},{"@type":"WebSite","@id":"https:\/\/www.loscrigno.it\/beautycase\/#website","url":"https:\/\/www.loscrigno.it\/beautycase\/","name":"Beauty Case Blog - Beauty blog italiano su make-up e bellezza","description":"Beauty Case Blog \u00e8 uno dei pi\u00f9 importanti beauty blog italiani. Leggi ora tutte le novit\u00e0 del mondo beauty e scopri i miei consigli su make-up e bellezza.","potentialAction":[{"@type":"SearchAction","target":{"@type":"EntryPoint","urlTemplate":"https:\/\/www.loscrigno.it\/beautycase\/?s={search_term_string}"},"query-input":{"@type":"PropertyValueSpecification","valueRequired":true,"valueName":"search_term_string"}}],"inLanguage":"it-IT"}]}},"_links":{"self":[{"href":"https:\/\/www.loscrigno.it\/beautycase\/index.php\/wp-json\/wp\/v2\/pages\/323","targetHints":{"allow":["GET"]}}],"collection":[{"href":"https:\/\/www.loscrigno.it\/beautycase\/index.php\/wp-json\/wp\/v2\/pages"}],"about":[{"href":"https:\/\/www.loscrigno.it\/beautycase\/index.php\/wp-json\/wp\/v2\/types\/page"}],"author":[{"embeddable":true,"href":"https:\/\/www.loscrigno.it\/beautycase\/index.php\/wp-json\/wp\/v2\/users\/1"}],"replies":[{"embeddable":true,"href":"https:\/\/www.loscrigno.it\/beautycase\/index.php\/wp-json\/wp\/v2\/comments?post=323"}],"version-history":[{"count":15,"href":"https:\/\/www.loscrigno.it\/beautycase\/index.php\/wp-json\/wp\/v2\/pages\/323\/revisions"}],"predecessor-version":[{"id":21646,"href":"https:\/\/www.loscrigno.it\/beautycase\/index.php\/wp-json\/wp\/v2\/pages\/323\/revisions\/21646"}],"wp:attachment":[{"href":"https:\/\/www.loscrigno.it\/beautycase\/index.php\/wp-json\/wp\/v2\/media?parent=323"}],"curies":[{"name":"wp","href":"https:\/\/api.w.org\/{rel}","templated":true}]}}