{"id":9279,"date":"2014-01-16T12:12:28","date_gmt":"2014-01-16T11:12:28","guid":{"rendered":"http:\/\/www.loscrigno.it\/beautycase\/?page_id=9279"},"modified":"2014-01-16T19:39:30","modified_gmt":"2014-01-16T18:39:30","slug":"beauty-blogger-italia-lista-di-interessi-condivisa-su-facebook","status":"publish","type":"page","link":"https:\/\/www.loscrigno.it\/beautycase\/index.php\/beauty-blogger-italia-lista-di-interessi-condivisa-su-facebook\/","title":{"rendered":"Beauty Blogger Italia &#8211; Lista di interessi condivisa su Facebook"},"content":{"rendered":"<p>Ecco l&#8217;elenco di tutte le blogger presenti nella lista di interessi <strong><a title=\"Visualizza la lista su Facebook\" href=\"https:\/\/www.facebook.com\/lists\/10202691039019835\">Beauty Blogger Italia<\/a><\/strong>. Manca la tua preferita? Scrivimelo nei commenti!<\/p>\n<p>Per <a title=\"Dichiaro guerra a Facebook (armata di liste di interessi CONDIVISE)!\" href=\"https:\/\/www.loscrigno.it\/beautycase\/index.php\/facebook-liste-di-interessi-condivise\/\">maggiori informazioni sul perch\u00e9 di questa lista e su come fare ad iscriversi <\/a>puoi leggere l&#8217;articolo dedicato.<\/p>\n<p><img loading=\"lazy\" decoding=\"async\" class=\"aligncenter size-full wp-image-9335 lazyload\" alt=\"Blogger2\" src=\"data:image\/gif;base64,R0lGODlhAQABAAAAACH5BAEKAAEALAAAAAABAAEAAAICTAEAOw==\" data-src=\"https:\/\/www.loscrigno.it\/beautycase\/wp-content\/uploads\/2014\/01\/Blogger2.png\" width=\"534\" height=\"4100\" \/><\/p>\n","protected":false},"excerpt":{"rendered":"<p>Ecco l&#8217;elenco di tutte le blogger presenti nella lista di interessi Beauty Blogger Italia. Manca la tua preferita? Scrivimelo nei commenti! Per maggiori informazioni sul perch\u00e9 di questa lista e su come fare ad iscriversi puoi leggere l&#8217;articolo dedicato.<\/p>\n","protected":false},"author":1,"featured_media":9280,"parent":0,"menu_order":0,"comment_status":"open","ping_status":"open","template":"","meta":{"footnotes":""},"class_list":["post-9279","page","type-page","status-publish","has-post-thumbnail","hentry"],"featured_image_src":"https:\/\/www.loscrigno.it\/beautycase\/wp-content\/uploads\/2014\/01\/01-Blogger.png","yoast_head":"<!-- This site is optimized with the Yoast SEO plugin v27.3 - https:\/\/yoast.com\/product\/yoast-seo-wordpress\/ -->\r\n<title>Beauty Blogger Italia - Lista di interessi condivisa su Facebook - Beauty Case Blog - Beauty blog italiano su make-up e bellezza<\/title>\r\n<meta name=\"robots\" content=\"index, follow, max-snippet:-1, max-image-preview:large, max-video-preview:-1\" \/>\r\n<link rel=\"canonical\" href=\"https:\/\/www.loscrigno.it\/beautycase\/index.php\/beauty-blogger-italia-lista-di-interessi-condivisa-su-facebook\/\" \/>\r\n<meta name=\"twitter:card\" content=\"summary_large_image\" \/>\r\n<meta name=\"twitter:title\" content=\"Beauty Blogger Italia - Lista di interessi condivisa su Facebook - Beauty Case Blog - Beauty blog italiano su make-up e bellezza\" \/>\r\n<meta name=\"twitter:description\" content=\"Ecco l&#8217;elenco di tutte le blogger presenti nella lista di interessi Beauty Blogger Italia. Manca la tua preferita? Scrivimelo nei commenti! Per maggiori informazioni sul perch\u00e9 di questa lista e su come fare ad iscriversi puoi leggere l&#8217;articolo dedicato.\" \/>\r\n<meta name=\"twitter:image\" content=\"https:\/\/www.loscrigno.it\/beautycase\/wp-content\/uploads\/2014\/01\/01-Blogger.png\" \/>\r\n<script type=\"application\/ld+json\" class=\"yoast-schema-graph\">{\"@context\":\"https:\\\/\\\/schema.org\",\"@graph\":[{\"@type\":\"WebPage\",\"@id\":\"https:\\\/\\\/www.loscrigno.it\\\/beautycase\\\/index.php\\\/beauty-blogger-italia-lista-di-interessi-condivisa-su-facebook\\\/\",\"url\":\"https:\\\/\\\/www.loscrigno.it\\\/beautycase\\\/index.php\\\/beauty-blogger-italia-lista-di-interessi-condivisa-su-facebook\\\/\",\"name\":\"Beauty Blogger Italia - Lista di interessi condivisa su Facebook - Beauty Case Blog - Beauty blog italiano su make-up e bellezza\",\"isPartOf\":{\"@id\":\"https:\\\/\\\/www.loscrigno.it\\\/beautycase\\\/#website\"},\"primaryImageOfPage\":{\"@id\":\"https:\\\/\\\/www.loscrigno.it\\\/beautycase\\\/index.php\\\/beauty-blogger-italia-lista-di-interessi-condivisa-su-facebook\\\/#primaryimage\"},\"image\":{\"@id\":\"https:\\\/\\\/www.loscrigno.it\\\/beautycase\\\/index.php\\\/beauty-blogger-italia-lista-di-interessi-condivisa-su-facebook\\\/#primaryimage\"},\"thumbnailUrl\":\"https:\\\/\\\/www.loscrigno.it\\\/beautycase\\\/wp-content\\\/uploads\\\/2014\\\/01\\\/01-Blogger.png\",\"datePublished\":\"2014-01-16T11:12:28+00:00\",\"dateModified\":\"2014-01-16T18:39:30+00:00\",\"breadcrumb\":{\"@id\":\"https:\\\/\\\/www.loscrigno.it\\\/beautycase\\\/index.php\\\/beauty-blogger-italia-lista-di-interessi-condivisa-su-facebook\\\/#breadcrumb\"},\"inLanguage\":\"it-IT\",\"potentialAction\":[{\"@type\":\"ReadAction\",\"target\":[\"https:\\\/\\\/www.loscrigno.it\\\/beautycase\\\/index.php\\\/beauty-blogger-italia-lista-di-interessi-condivisa-su-facebook\\\/\"]}]},{\"@type\":\"ImageObject\",\"inLanguage\":\"it-IT\",\"@id\":\"https:\\\/\\\/www.loscrigno.it\\\/beautycase\\\/index.php\\\/beauty-blogger-italia-lista-di-interessi-condivisa-su-facebook\\\/#primaryimage\",\"url\":\"https:\\\/\\\/www.loscrigno.it\\\/beautycase\\\/wp-content\\\/uploads\\\/2014\\\/01\\\/01-Blogger.png\",\"contentUrl\":\"https:\\\/\\\/www.loscrigno.it\\\/beautycase\\\/wp-content\\\/uploads\\\/2014\\\/01\\\/01-Blogger.png\",\"width\":446,\"height\":3020},{\"@type\":\"BreadcrumbList\",\"@id\":\"https:\\\/\\\/www.loscrigno.it\\\/beautycase\\\/index.php\\\/beauty-blogger-italia-lista-di-interessi-condivisa-su-facebook\\\/#breadcrumb\",\"itemListElement\":[{\"@type\":\"ListItem\",\"position\":1,\"name\":\"Home\",\"item\":\"https:\\\/\\\/www.loscrigno.it\\\/beautycase\\\/\"},{\"@type\":\"ListItem\",\"position\":2,\"name\":\"Beauty Blogger Italia &#8211; Lista di interessi condivisa su Facebook\"}]},{\"@type\":\"WebSite\",\"@id\":\"https:\\\/\\\/www.loscrigno.it\\\/beautycase\\\/#website\",\"url\":\"https:\\\/\\\/www.loscrigno.it\\\/beautycase\\\/\",\"name\":\"Beauty Case Blog - Beauty blog italiano su make-up e bellezza\",\"description\":\"Beauty Case Blog \u00e8 uno dei pi\u00f9 importanti beauty blog italiani. Leggi ora tutte le novit\u00e0 del mondo beauty e scopri i miei consigli su make-up e bellezza.\",\"potentialAction\":[{\"@type\":\"SearchAction\",\"target\":{\"@type\":\"EntryPoint\",\"urlTemplate\":\"https:\\\/\\\/www.loscrigno.it\\\/beautycase\\\/?s={search_term_string}\"},\"query-input\":{\"@type\":\"PropertyValueSpecification\",\"valueRequired\":true,\"valueName\":\"search_term_string\"}}],\"inLanguage\":\"it-IT\"}]}<\/script>\r\n<!-- \/ Yoast SEO plugin. -->","yoast_head_json":{"title":"Beauty Blogger Italia - Lista di interessi condivisa su Facebook - Beauty Case Blog - Beauty blog italiano su make-up e bellezza","robots":{"index":"index","follow":"follow","max-snippet":"max-snippet:-1","max-image-preview":"max-image-preview:large","max-video-preview":"max-video-preview:-1"},"canonical":"https:\/\/www.loscrigno.it\/beautycase\/index.php\/beauty-blogger-italia-lista-di-interessi-condivisa-su-facebook\/","twitter_card":"summary_large_image","twitter_title":"Beauty Blogger Italia - Lista di interessi condivisa su Facebook - Beauty Case Blog - Beauty blog italiano su make-up e bellezza","twitter_description":"Ecco l&#8217;elenco di tutte le blogger presenti nella lista di interessi Beauty Blogger Italia. Manca la tua preferita? Scrivimelo nei commenti! Per maggiori informazioni sul perch\u00e9 di questa lista e su come fare ad iscriversi puoi leggere l&#8217;articolo dedicato.","twitter_image":"https:\/\/www.loscrigno.it\/beautycase\/wp-content\/uploads\/2014\/01\/01-Blogger.png","schema":{"@context":"https:\/\/schema.org","@graph":[{"@type":"WebPage","@id":"https:\/\/www.loscrigno.it\/beautycase\/index.php\/beauty-blogger-italia-lista-di-interessi-condivisa-su-facebook\/","url":"https:\/\/www.loscrigno.it\/beautycase\/index.php\/beauty-blogger-italia-lista-di-interessi-condivisa-su-facebook\/","name":"Beauty Blogger Italia - Lista di interessi condivisa su Facebook - Beauty Case Blog - Beauty blog italiano su make-up e bellezza","isPartOf":{"@id":"https:\/\/www.loscrigno.it\/beautycase\/#website"},"primaryImageOfPage":{"@id":"https:\/\/www.loscrigno.it\/beautycase\/index.php\/beauty-blogger-italia-lista-di-interessi-condivisa-su-facebook\/#primaryimage"},"image":{"@id":"https:\/\/www.loscrigno.it\/beautycase\/index.php\/beauty-blogger-italia-lista-di-interessi-condivisa-su-facebook\/#primaryimage"},"thumbnailUrl":"https:\/\/www.loscrigno.it\/beautycase\/wp-content\/uploads\/2014\/01\/01-Blogger.png","datePublished":"2014-01-16T11:12:28+00:00","dateModified":"2014-01-16T18:39:30+00:00","breadcrumb":{"@id":"https:\/\/www.loscrigno.it\/beautycase\/index.php\/beauty-blogger-italia-lista-di-interessi-condivisa-su-facebook\/#breadcrumb"},"inLanguage":"it-IT","potentialAction":[{"@type":"ReadAction","target":["https:\/\/www.loscrigno.it\/beautycase\/index.php\/beauty-blogger-italia-lista-di-interessi-condivisa-su-facebook\/"]}]},{"@type":"ImageObject","inLanguage":"it-IT","@id":"https:\/\/www.loscrigno.it\/beautycase\/index.php\/beauty-blogger-italia-lista-di-interessi-condivisa-su-facebook\/#primaryimage","url":"https:\/\/www.loscrigno.it\/beautycase\/wp-content\/uploads\/2014\/01\/01-Blogger.png","contentUrl":"https:\/\/www.loscrigno.it\/beautycase\/wp-content\/uploads\/2014\/01\/01-Blogger.png","width":446,"height":3020},{"@type":"BreadcrumbList","@id":"https:\/\/www.loscrigno.it\/beautycase\/index.php\/beauty-blogger-italia-lista-di-interessi-condivisa-su-facebook\/#breadcrumb","itemListElement":[{"@type":"ListItem","position":1,"name":"Home","item":"https:\/\/www.loscrigno.it\/beautycase\/"},{"@type":"ListItem","position":2,"name":"Beauty Blogger Italia &#8211; Lista di interessi condivisa su Facebook"}]},{"@type":"WebSite","@id":"https:\/\/www.loscrigno.it\/beautycase\/#website","url":"https:\/\/www.loscrigno.it\/beautycase\/","name":"Beauty Case Blog - Beauty blog italiano su make-up e bellezza","description":"Beauty Case Blog \u00e8 uno dei pi\u00f9 importanti beauty blog italiani. Leggi ora tutte le novit\u00e0 del mondo beauty e scopri i miei consigli su make-up e bellezza.","potentialAction":[{"@type":"SearchAction","target":{"@type":"EntryPoint","urlTemplate":"https:\/\/www.loscrigno.it\/beautycase\/?s={search_term_string}"},"query-input":{"@type":"PropertyValueSpecification","valueRequired":true,"valueName":"search_term_string"}}],"inLanguage":"it-IT"}]}},"_links":{"self":[{"href":"https:\/\/www.loscrigno.it\/beautycase\/index.php\/wp-json\/wp\/v2\/pages\/9279","targetHints":{"allow":["GET"]}}],"collection":[{"href":"https:\/\/www.loscrigno.it\/beautycase\/index.php\/wp-json\/wp\/v2\/pages"}],"about":[{"href":"https:\/\/www.loscrigno.it\/beautycase\/index.php\/wp-json\/wp\/v2\/types\/page"}],"author":[{"embeddable":true,"href":"https:\/\/www.loscrigno.it\/beautycase\/index.php\/wp-json\/wp\/v2\/users\/1"}],"replies":[{"embeddable":true,"href":"https:\/\/www.loscrigno.it\/beautycase\/index.php\/wp-json\/wp\/v2\/comments?post=9279"}],"version-history":[{"count":8,"href":"https:\/\/www.loscrigno.it\/beautycase\/index.php\/wp-json\/wp\/v2\/pages\/9279\/revisions"}],"predecessor-version":[{"id":9337,"href":"https:\/\/www.loscrigno.it\/beautycase\/index.php\/wp-json\/wp\/v2\/pages\/9279\/revisions\/9337"}],"wp:featuredmedia":[{"embeddable":true,"href":"https:\/\/www.loscrigno.it\/beautycase\/index.php\/wp-json\/wp\/v2\/media\/9280"}],"wp:attachment":[{"href":"https:\/\/www.loscrigno.it\/beautycase\/index.php\/wp-json\/wp\/v2\/media?parent=9279"}],"curies":[{"name":"wp","href":"https:\/\/api.w.org\/{rel}","templated":true}]}}